{"id":154,"date":"2025-09-18T12:31:29","date_gmt":"2025-09-18T10:31:29","guid":{"rendered":"https:\/\/wordpress.loving-the-nations.org\/dienstleistungen-seite\/"},"modified":"2025-10-22T18:16:56","modified_gmt":"2025-10-22T16:16:56","slug":"dienstleistungen-seite","status":"publish","type":"page","link":"https:\/\/loving-the-nations.org\/en\/dienstleistungen-seite\/","title":{"rendered":"What we do"},"content":{"rendered":"<div class=\"wp-block-group alignfull has-raft-bg-alt-background-color has-background is-layout-constrained wp-container-core-group-is-layout-ca21e7af wp-block-group-is-layout-constrained\" style=\"margin-top:0;margin-bottom:0;padding-top:var(--wp--preset--spacing--80);padding-right:var(--wp--preset--spacing--40);padding-bottom:var(--wp--preset--spacing--80);padding-left:var(--wp--preset--spacing--40)\">\n<h1 class=\"wp-block-heading alignwide has-text-align-center\">What we do<\/h1>\n<\/div>\n\n\n\n<div class=\"wp-block-group alignfull is-layout-flow wp-container-core-group-is-layout-10d01144 wp-block-group-is-layout-flow\" style=\"margin-top:0px;margin-bottom:0px;padding-top:0px;padding-right:0px;padding-bottom:0px;padding-left:0px\">\n<div class=\"wp-block-columns are-vertically-aligned-center is-layout-flex wp-container-core-columns-is-layout-d2ca7aa4 wp-block-columns-is-layout-flex\">\n<div class=\"wp-block-column is-vertically-aligned-center is-layout-flow wp-block-column-is-layout-flow\" style=\"padding-top:32px;padding-right:32px;padding-bottom:32px;padding-left:32px\">\n<div class=\"wp-block-group is-layout-constrained wp-container-core-group-is-layout-6d6486c8 wp-block-group-is-layout-constrained\">\n<h2 class=\"wp-block-heading\">Children's homes in Chimoio, Mozambique<\/h2>\n\n\n\n<p>Beautifully situated, surrounded by mountains, in central Mozambique, in the province of Manica, not far from the Zimbabwean border, lies the city of Chimoio, where our orphans, whom we care for, are at home...<\/p>\n\n\n\n<div class=\"wp-block-buttons is-layout-flex wp-block-buttons-is-layout-flex\">\n<div class=\"wp-block-button is-style-primary\"><a class=\"wp-block-button__link wp-element-button\" href=\"https:\/\/wordpress.loving-the-nations.org\/kinderheime-in-chimoio-mosambik\/\">Read more<\/a><\/div>\n<\/div>\n<\/div>\n<\/div>\n\n\n\n<div class=\"wp-block-column is-vertically-aligned-center has-raft-bg-alt-background-color has-background is-layout-flow wp-block-column-is-layout-flow\" style=\"padding-top:32px;padding-right:32px;padding-bottom:32px;padding-left:32px\">\n<figure class=\"wp-block-image aligncenter size-full\"><img loading=\"lazy\" decoding=\"async\" width=\"1024\" height=\"768\" src=\"https:\/\/wordpress.loving-the-nations.org\/wp-content\/uploads\/2025\/10\/photo_2025-10-22_17-21-57.jpg\" alt=\"\" class=\"wp-image-226\" srcset=\"https:\/\/loving-the-nations.org\/wp-content\/uploads\/2025\/10\/photo_2025-10-22_17-21-57.jpg 1024w, https:\/\/loving-the-nations.org\/wp-content\/uploads\/2025\/10\/photo_2025-10-22_17-21-57-300x225.jpg 300w, https:\/\/loving-the-nations.org\/wp-content\/uploads\/2025\/10\/photo_2025-10-22_17-21-57-768x576.jpg 768w, https:\/\/loving-the-nations.org\/wp-content\/uploads\/2025\/10\/photo_2025-10-22_17-21-57-16x12.jpg 16w\" sizes=\"auto, (max-width: 1024px) 100vw, 1024px\" \/><\/figure>\n<\/div>\n<\/div>\n\n\n\n<div class=\"wp-block-columns are-vertically-aligned-center is-layout-flex wp-container-core-columns-is-layout-d2ca7aa4 wp-block-columns-is-layout-flex\">\n<div class=\"wp-block-column is-vertically-aligned-center has-raft-bg-alt-background-color has-background is-layout-flow wp-block-column-is-layout-flow\" style=\"padding-top:32px;padding-right:32px;padding-bottom:32px;padding-left:32px\">\n<figure class=\"wp-block-image aligncenter size-full\"><img loading=\"lazy\" decoding=\"async\" width=\"1024\" height=\"768\" src=\"https:\/\/wordpress.loving-the-nations.org\/wp-content\/uploads\/2025\/10\/photo_2025-10-22_17-21-11.jpg\" alt=\"\" class=\"wp-image-222\" srcset=\"https:\/\/loving-the-nations.org\/wp-content\/uploads\/2025\/10\/photo_2025-10-22_17-21-11.jpg 1024w, https:\/\/loving-the-nations.org\/wp-content\/uploads\/2025\/10\/photo_2025-10-22_17-21-11-300x225.jpg 300w, https:\/\/loving-the-nations.org\/wp-content\/uploads\/2025\/10\/photo_2025-10-22_17-21-11-768x576.jpg 768w, https:\/\/loving-the-nations.org\/wp-content\/uploads\/2025\/10\/photo_2025-10-22_17-21-11-16x12.jpg 16w\" sizes=\"auto, (max-width: 1024px) 100vw, 1024px\" \/><\/figure>\n<\/div>\n\n\n\n<div class=\"wp-block-column is-vertically-aligned-center is-layout-flow wp-block-column-is-layout-flow\" style=\"padding-top:32px;padding-right:32px;padding-bottom:32px;padding-left:32px\">\n<div class=\"wp-block-group is-layout-constrained wp-container-core-group-is-layout-6d6486c8 wp-block-group-is-layout-constrained\">\n<h2 class=\"wp-block-heading\">Agricultural projects &amp; fields<\/h2>\n\n\n\n<p>In order to ensure that children have enough to eat in the long term, we now have five large fields in different locations where we grow corn (Africa's staple food) ...<\/p>\n\n\n\n<div class=\"wp-block-buttons is-layout-flex wp-block-buttons-is-layout-flex\">\n<div class=\"wp-block-button is-style-primary\"><a class=\"wp-block-button__link wp-element-button\" href=\"https:\/\/wordpress.loving-the-nations.org\/agrikulturprojekte-felder\/\">Read more<\/a><\/div>\n<\/div>\n<\/div>\n<\/div>\n<\/div>\n<\/div>\n\n\n\n<div class=\"wp-block-group alignfull is-layout-flow wp-container-core-group-is-layout-10d01144 wp-block-group-is-layout-flow\" style=\"margin-top:0px;margin-bottom:0px;padding-top:0px;padding-right:0px;padding-bottom:0px;padding-left:0px\">\n<div class=\"wp-block-columns are-vertically-aligned-center is-layout-flex wp-container-core-columns-is-layout-d2ca7aa4 wp-block-columns-is-layout-flex\">\n<div class=\"wp-block-column is-vertically-aligned-center is-layout-flow wp-block-column-is-layout-flow\" style=\"padding-top:32px;padding-right:32px;padding-bottom:32px;padding-left:32px\">\n<div class=\"wp-block-group is-layout-constrained wp-container-core-group-is-layout-6d6486c8 wp-block-group-is-layout-constrained\">\n<h2 class=\"wp-block-heading\">Visits to prison &amp; hospital<\/h2>\n\n\n\n<p>We visit prisons (both women's and men's) several times a week to celebrate worship services with the inmates, teach on various topics, pray for the inmates upon request, and provide practical and material assistance wherever we can...<\/p>\n\n\n\n<div class=\"wp-block-buttons is-layout-flex wp-block-buttons-is-layout-flex\">\n<div class=\"wp-block-button is-style-primary\"><a class=\"wp-block-button__link wp-element-button\" href=\"https:\/\/wordpress.loving-the-nations.org\/besuche-im-gefaengnis-krankenhaus\/\">Read more<\/a><\/div>\n<\/div>\n<\/div>\n<\/div>\n\n\n\n<div class=\"wp-block-column is-vertically-aligned-center has-raft-bg-alt-background-color has-background is-layout-flow wp-block-column-is-layout-flow\" style=\"padding-top:32px;padding-right:32px;padding-bottom:32px;padding-left:32px\">\n<figure class=\"wp-block-image aligncenter size-full\"><img loading=\"lazy\" decoding=\"async\" width=\"768\" height=\"566\" src=\"https:\/\/wordpress.loving-the-nations.org\/wp-content\/uploads\/2025\/10\/photo_2025-10-22_17-22-13.jpg\" alt=\"\" class=\"wp-image-224\" srcset=\"https:\/\/loving-the-nations.org\/wp-content\/uploads\/2025\/10\/photo_2025-10-22_17-22-13.jpg 768w, https:\/\/loving-the-nations.org\/wp-content\/uploads\/2025\/10\/photo_2025-10-22_17-22-13-300x221.jpg 300w, https:\/\/loving-the-nations.org\/wp-content\/uploads\/2025\/10\/photo_2025-10-22_17-22-13-16x12.jpg 16w\" sizes=\"auto, (max-width: 768px) 100vw, 768px\" \/><\/figure>\n<\/div>\n<\/div>\n\n\n\n<div class=\"wp-block-columns are-vertically-aligned-center is-layout-flex wp-container-core-columns-is-layout-d2ca7aa4 wp-block-columns-is-layout-flex\">\n<div class=\"wp-block-column is-vertically-aligned-center has-raft-bg-alt-background-color has-background is-layout-flow wp-block-column-is-layout-flow\" style=\"padding-top:32px;padding-right:32px;padding-bottom:32px;padding-left:32px\">\n<figure class=\"wp-block-image aligncenter size-full\"><img loading=\"lazy\" decoding=\"async\" width=\"1024\" height=\"768\" src=\"https:\/\/wordpress.loving-the-nations.org\/wp-content\/uploads\/2025\/10\/photo_2025-10-22_17-23-50.jpg\" alt=\"\" class=\"wp-image-225\" srcset=\"https:\/\/loving-the-nations.org\/wp-content\/uploads\/2025\/10\/photo_2025-10-22_17-23-50.jpg 1024w, https:\/\/loving-the-nations.org\/wp-content\/uploads\/2025\/10\/photo_2025-10-22_17-23-50-300x225.jpg 300w, https:\/\/loving-the-nations.org\/wp-content\/uploads\/2025\/10\/photo_2025-10-22_17-23-50-768x576.jpg 768w, https:\/\/loving-the-nations.org\/wp-content\/uploads\/2025\/10\/photo_2025-10-22_17-23-50-16x12.jpg 16w\" sizes=\"auto, (max-width: 1024px) 100vw, 1024px\" \/><\/figure>\n<\/div>\n\n\n\n<div class=\"wp-block-column is-vertically-aligned-center is-layout-flow wp-block-column-is-layout-flow\" style=\"padding-top:32px;padding-right:32px;padding-bottom:32px;padding-left:32px\">\n<div class=\"wp-block-group is-layout-constrained wp-container-core-group-is-layout-6d6486c8 wp-block-group-is-layout-constrained\">\n<h2 class=\"wp-block-heading\">On the road<\/h2>\n\n\n\n<p>In addition to our ministry in Chimoio, we travel extensively in Mozambique and other countries, visiting churches, planting new ones, training pastors and leaders, and much more ...<\/p>\n\n\n\n<div class=\"wp-block-buttons is-layout-flex wp-block-buttons-is-layout-flex\">\n<div class=\"wp-block-button is-style-primary\"><a class=\"wp-block-button__link wp-element-button\" href=\"https:\/\/wordpress.loving-the-nations.org\/unterwegs\/\">Read more<\/a><\/div>\n<\/div>\n<\/div>\n<\/div>\n<\/div>\n<\/div>\n\n\n\n<div class=\"wp-block-group alignfull is-layout-flow wp-container-core-group-is-layout-10d01144 wp-block-group-is-layout-flow\" style=\"margin-top:0px;margin-bottom:0px;padding-top:0px;padding-right:0px;padding-bottom:0px;padding-left:0px\">\n<div class=\"wp-block-columns are-vertically-aligned-center is-layout-flex wp-container-core-columns-is-layout-d2ca7aa4 wp-block-columns-is-layout-flex\">\n<div class=\"wp-block-column is-vertically-aligned-center is-layout-flow wp-block-column-is-layout-flow\" style=\"padding-top:32px;padding-right:32px;padding-bottom:32px;padding-left:32px\">\n<div class=\"wp-block-group is-layout-constrained wp-container-core-group-is-layout-6d6486c8 wp-block-group-is-layout-constrained\">\n<h2 class=\"wp-block-heading\">Humanitarian aid, aid transports, and self-help projects<\/h2>\n\n\n\n<p>We helped people who had lost everything in the floods in Mozambique on several occasions; in the districts of Caia, Mutarara, Tambara, and Buzi, we distributed food, blankets, plastic sheeting ...<\/p>\n\n\n\n<div class=\"wp-block-buttons is-layout-flex wp-block-buttons-is-layout-flex\">\n<div class=\"wp-block-button is-style-primary\"><a class=\"wp-block-button__link wp-element-button\" href=\"https:\/\/wordpress.loving-the-nations.org\/humanitaere-hilfe-hilfstransporte-hilfe-zur-selbsthilfeprojekte\/\">Read more<\/a><\/div>\n<\/div>\n<\/div>\n<\/div>\n\n\n\n<div class=\"wp-block-column is-vertically-aligned-center has-raft-bg-alt-background-color has-background is-layout-flow wp-block-column-is-layout-flow\" style=\"padding-top:32px;padding-right:32px;padding-bottom:32px;padding-left:32px\">\n<figure class=\"wp-block-image aligncenter size-full\"><img loading=\"lazy\" decoding=\"async\" width=\"1280\" height=\"853\" src=\"https:\/\/wordpress.loving-the-nations.org\/wp-content\/uploads\/2025\/09\/photo_2025-10-22_17-03-45.jpg\" alt=\"\" class=\"wp-image-212\" srcset=\"https:\/\/loving-the-nations.org\/wp-content\/uploads\/2025\/09\/photo_2025-10-22_17-03-45.jpg 1280w, https:\/\/loving-the-nations.org\/wp-content\/uploads\/2025\/09\/photo_2025-10-22_17-03-45-300x200.jpg 300w, https:\/\/loving-the-nations.org\/wp-content\/uploads\/2025\/09\/photo_2025-10-22_17-03-45-1024x682.jpg 1024w, https:\/\/loving-the-nations.org\/wp-content\/uploads\/2025\/09\/photo_2025-10-22_17-03-45-768x512.jpg 768w, https:\/\/loving-the-nations.org\/wp-content\/uploads\/2025\/09\/photo_2025-10-22_17-03-45-18x12.jpg 18w\" sizes=\"auto, (max-width: 1280px) 100vw, 1280px\" \/><\/figure>\n<\/div>\n<\/div>\n\n\n\n<div class=\"wp-block-columns are-vertically-aligned-center is-layout-flex wp-container-core-columns-is-layout-d2ca7aa4 wp-block-columns-is-layout-flex\">\n<div class=\"wp-block-column is-vertically-aligned-center has-raft-bg-alt-background-color has-background is-layout-flow wp-block-column-is-layout-flow\" style=\"padding-top:32px;padding-right:32px;padding-bottom:32px;padding-left:32px\">\n<figure class=\"wp-block-image aligncenter size-full\"><img loading=\"lazy\" decoding=\"async\" width=\"1280\" height=\"853\" src=\"https:\/\/wordpress.loving-the-nations.org\/wp-content\/uploads\/2025\/10\/photo_2025-10-22_17-24-49.jpg\" alt=\"\" class=\"wp-image-227\" srcset=\"https:\/\/loving-the-nations.org\/wp-content\/uploads\/2025\/10\/photo_2025-10-22_17-24-49.jpg 1280w, https:\/\/loving-the-nations.org\/wp-content\/uploads\/2025\/10\/photo_2025-10-22_17-24-49-300x200.jpg 300w, https:\/\/loving-the-nations.org\/wp-content\/uploads\/2025\/10\/photo_2025-10-22_17-24-49-1024x682.jpg 1024w, https:\/\/loving-the-nations.org\/wp-content\/uploads\/2025\/10\/photo_2025-10-22_17-24-49-768x512.jpg 768w, https:\/\/loving-the-nations.org\/wp-content\/uploads\/2025\/10\/photo_2025-10-22_17-24-49-18x12.jpg 18w\" sizes=\"auto, (max-width: 1280px) 100vw, 1280px\" \/><\/figure>\n<\/div>\n\n\n\n<div class=\"wp-block-column is-vertically-aligned-center is-layout-flow wp-block-column-is-layout-flow\" style=\"padding-top:32px;padding-right:32px;padding-bottom:32px;padding-left:32px\">\n<div class=\"wp-block-group is-layout-constrained wp-container-core-group-is-layout-6d6486c8 wp-block-group-is-layout-constrained\">\n<h2 class=\"wp-block-heading\">Support for orphans &amp; school project<\/h2>\n\n\n\n<p>From 2005 to 2013, we supported thousands of orphans in collaboration with Iris Ministries. Since 2015, we have been supporting 50 children in our district who would otherwise not be able to attend school ... <\/p>\n\n\n\n<div class=\"wp-block-buttons is-layout-flex wp-block-buttons-is-layout-flex\">\n<div class=\"wp-block-button is-style-primary\"><a class=\"wp-block-button__link wp-element-button\" href=\"https:\/\/wordpress.loving-the-nations.org\/unterstuetzung-von-waisenkindern-schulprojekt\/\">Read more<\/a><\/div>\n<\/div>\n<\/div>\n<\/div>\n<\/div>\n<\/div>","protected":false},"excerpt":{"rendered":"<p>Was wir tun Kinderheime in Chimoio, Mosambik Wundersch\u00f6n gelegen, umgeben von Bergen, in Zentralmosambik, in der Provinz Manica, nicht weit von der zimbabwianischen Grenze, befindet sich die Stadt Chimoio, wo unsere Waisenkinder, um die wir uns k\u00fcmmern, zuhause sind &#8230; Agrikulturprojekte &amp; Felder Um langfristig die Ern\u00e4hrung der Kinder sicherzustellen, haben wir mittlerweile f\u00fcnf gro\u00dfe [&hellip;]<\/p>","protected":false},"author":2,"featured_media":0,"parent":0,"menu_order":0,"comment_status":"closed","ping_status":"closed","template":"template-plain","meta":{"_themeisle_gutenberg_block_has_review":false,"footnotes":""},"class_list":["post-154","page","type-page","status-publish","hentry"],"_links":{"self":[{"href":"https:\/\/loving-the-nations.org\/en\/wp-json\/wp\/v2\/pages\/154","targetHints":{"allow":["GET"]}}],"collection":[{"href":"https:\/\/loving-the-nations.org\/en\/wp-json\/wp\/v2\/pages"}],"about":[{"href":"https:\/\/loving-the-nations.org\/en\/wp-json\/wp\/v2\/types\/page"}],"author":[{"embeddable":true,"href":"https:\/\/loving-the-nations.org\/en\/wp-json\/wp\/v2\/users\/2"}],"replies":[{"embeddable":true,"href":"https:\/\/loving-the-nations.org\/en\/wp-json\/wp\/v2\/comments?post=154"}],"version-history":[{"count":4,"href":"https:\/\/loving-the-nations.org\/en\/wp-json\/wp\/v2\/pages\/154\/revisions"}],"predecessor-version":[{"id":228,"href":"https:\/\/loving-the-nations.org\/en\/wp-json\/wp\/v2\/pages\/154\/revisions\/228"}],"wp:attachment":[{"href":"https:\/\/loving-the-nations.org\/en\/wp-json\/wp\/v2\/media?parent=154"}],"curies":[{"name":"wp","href":"https:\/\/api.w.org\/{rel}","templated":true}]}}