{"id":156,"date":"2025-09-18T12:31:29","date_gmt":"2025-09-18T10:31:29","guid":{"rendered":"https:\/\/wordpress.loving-the-nations.org\/kontaktseite\/"},"modified":"2025-09-18T13:23:52","modified_gmt":"2025-09-18T11:23:52","slug":"kontaktseite","status":"publish","type":"page","link":"https:\/\/loving-the-nations.org\/en\/kontaktseite\/","title":{"rendered":"Contact &amp; Support"},"content":{"rendered":"<div class=\"wp-block-group alignfull has-raft-bg-alt-background-color has-background is-layout-constrained wp-container-core-group-is-layout-ca21e7af wp-block-group-is-layout-constrained\" style=\"margin-top:0;margin-bottom:0;padding-top:var(--wp--preset--spacing--80);padding-right:var(--wp--preset--spacing--40);padding-bottom:var(--wp--preset--spacing--80);padding-left:var(--wp--preset--spacing--40)\">\n<h1 class=\"wp-block-heading alignwide has-text-align-center\">Contact &amp; Support<\/h1>\n<\/div>\n\n\n\n<div class=\"wp-block-group alignfull is-layout-constrained wp-container-core-group-is-layout-cf815ef3 wp-block-group-is-layout-constrained\" style=\"margin-top:0px;margin-bottom:0px;padding-top:var(--wp--preset--spacing--80);padding-right:var(--wp--preset--spacing--40);padding-bottom:var(--wp--preset--spacing--80);padding-left:var(--wp--preset--spacing--40)\">\n<div class=\"wp-block-columns is-layout-flex wp-container-core-columns-is-layout-28f84493 wp-block-columns-is-layout-flex\"><\/div>\n\n\n\n<div class=\"wp-block-columns is-layout-flex wp-container-core-columns-is-layout-28f84493 wp-block-columns-is-layout-flex\">\n<div class=\"wp-block-column is-vertically-aligned-top has-raft-bg-alt-background-color has-background is-layout-flow wp-block-column-is-layout-flow\" style=\"padding-top:var(--wp--preset--spacing--60);padding-right:var(--wp--preset--spacing--60);padding-bottom:var(--wp--preset--spacing--60);padding-left:var(--wp--preset--spacing--60)\">\n<h2 class=\"wp-block-heading\">If anyone would like to support us financially, please feel free to do so...<\/h2>\n\n\n\n<div class=\"wp-block-group is-content-justification-left is-layout-constrained wp-container-core-group-is-layout-4aa91cc0 wp-block-group-is-layout-constrained\">\n<p>Loving the Nations e.V.<br>Evangelische Kreditgenossenschaft eG<br>IBAN: DE45 5206 0410 0005 3870 60<br>BIC: GEN0DEF1EK1<\/p>\n<\/div>\n\n\n\n<hr class=\"wp-block-separator has-alpha-channel-opacity\"\/>\n\n\n\n<h2 class=\"wp-block-heading\">or ...<\/h2>\n\n\n\n<h4 class=\"wp-block-heading\">Bank details in Mozambique<\/h4>\n\n\n\n<p>Loving the Nations<br>Standard Bank, Chimoio, Provinz Manica, Mozambique<\/p>\n\n\n\n<h5 class=\"wp-block-heading\">for Euro<\/h5>\n\n\n\n<p>Account number: 2052780191028<br>N.I.B. 000302050278019102859<br>I.B.A.N. MZ59000302050278019102859<br>SWIFT SBICMZMX<\/p>\n\n\n\n<h5 class=\"wp-block-heading\">for US-$<\/h5>\n\n\n\n<p>Accout number: 2052780191012<br>N.I.B. 000302050278019101210<br>I.B.A.N. MZ59000302050278019101210<br>SWIFT SBICMZMX<\/p>\n<\/div>\n<\/div>\n\n\n\n<div class=\"wp-block-group alignwide is-layout-flow wp-container-core-group-is-layout-08d096aa wp-block-group-is-layout-flow\">\n<div class=\"wp-block-group is-layout-constrained wp-block-group-is-layout-constrained\">\n<h2 class=\"wp-block-heading\">Impressum<\/h2>\n\n\n\n<p>Inhaltlich verantwortlich im Sinne des Pressegesetzes:<br>Loving the Nations e.V.<br>Dies ist eine privat betriebene Website. Bei Nutzung erkl\u00e4ren Sie sich einverstanden mit dem Haftungsausschluss f\u00fcr Inhalte und Links.<\/p>\n<\/div>\n\n\n\n<div class=\"wp-block-group alignfull is-layout-constrained wp-container-core-group-is-layout-4df73788 wp-block-group-is-layout-constrained\" style=\"padding-top:0;padding-right:0;padding-bottom:0;padding-left:0\">\n<div class=\"wp-block-group alignwide is-layout-flow wp-block-group-is-layout-flow\"><\/div>\n<\/div>\n<\/div>\n<\/div>","protected":false},"excerpt":{"rendered":"<p>Kontakt &amp; Unterst\u00fctzung Wenn uns jemand finanziell unterst\u00fctzen m\u00f6chte, gerne \u2026 Loving the Nations e.V.Evangelische Kreditgenossenschaft eGIBAN: DE45 5206 0410 0005 3870 60BIC: GEN0DEF1EK1 oder &#8230; Bankverbindung in Mosambik Loving the NationsStandard Bank, Chimoio, Provinz Manica, Mozambique f\u00fcr Euro Account number: 2052780191028N.I.B. 000302050278019102859I.B.A.N. MZ59000302050278019102859SWIFT SBICMZMX f\u00fcr US-Dollar Accout number: 2052780191012N.I.B. 000302050278019101210I.B.A.N. MZ59000302050278019101210SWIFT SBICMZMX Impressum Inhaltlich [&hellip;]<\/p>","protected":false},"author":2,"featured_media":0,"parent":0,"menu_order":0,"comment_status":"closed","ping_status":"closed","template":"template-plain","meta":{"_themeisle_gutenberg_block_has_review":false,"footnotes":""},"class_list":["post-156","page","type-page","status-publish","hentry"],"_links":{"self":[{"href":"https:\/\/loving-the-nations.org\/en\/wp-json\/wp\/v2\/pages\/156","targetHints":{"allow":["GET"]}}],"collection":[{"href":"https:\/\/loving-the-nations.org\/en\/wp-json\/wp\/v2\/pages"}],"about":[{"href":"https:\/\/loving-the-nations.org\/en\/wp-json\/wp\/v2\/types\/page"}],"author":[{"embeddable":true,"href":"https:\/\/loving-the-nations.org\/en\/wp-json\/wp\/v2\/users\/2"}],"replies":[{"embeddable":true,"href":"https:\/\/loving-the-nations.org\/en\/wp-json\/wp\/v2\/comments?post=156"}],"version-history":[{"count":4,"href":"https:\/\/loving-the-nations.org\/en\/wp-json\/wp\/v2\/pages\/156\/revisions"}],"predecessor-version":[{"id":200,"href":"https:\/\/loving-the-nations.org\/en\/wp-json\/wp\/v2\/pages\/156\/revisions\/200"}],"wp:attachment":[{"href":"https:\/\/loving-the-nations.org\/en\/wp-json\/wp\/v2\/media?parent=156"}],"curies":[{"name":"wp","href":"https:\/\/api.w.org\/{rel}","templated":true}]}}