{"id":163,"date":"2025-09-18T12:50:38","date_gmt":"2025-09-18T10:50:38","guid":{"rendered":"https:\/\/wordpress.loving-the-nations.org\/?page_id=163"},"modified":"2025-10-22T17:26:26","modified_gmt":"2025-10-22T15:26:26","slug":"agrikulturprojekte-felder","status":"publish","type":"page","link":"https:\/\/loving-the-nations.org\/en\/agrikulturprojekte-felder\/","title":{"rendered":"Agricultural projects &amp; fields"},"content":{"rendered":"<figure class=\"wp-block-gallery has-nested-images columns-default is-cropped wp-block-gallery-1 is-layout-flex wp-block-gallery-is-layout-flex\">\n<figure class=\"wp-block-image size-large\"><img loading=\"lazy\" decoding=\"async\" width=\"1024\" height=\"768\" data-id=\"229\" src=\"https:\/\/wordpress.loving-the-nations.org\/wp-content\/uploads\/2025\/10\/photo_2025-10-22_17-23-50-1.jpg\" alt=\"\" class=\"wp-image-229\" srcset=\"https:\/\/loving-the-nations.org\/wp-content\/uploads\/2025\/10\/photo_2025-10-22_17-23-50-1.jpg 1024w, https:\/\/loving-the-nations.org\/wp-content\/uploads\/2025\/10\/photo_2025-10-22_17-23-50-1-300x225.jpg 300w, https:\/\/loving-the-nations.org\/wp-content\/uploads\/2025\/10\/photo_2025-10-22_17-23-50-1-768x576.jpg 768w, https:\/\/loving-the-nations.org\/wp-content\/uploads\/2025\/10\/photo_2025-10-22_17-23-50-1-16x12.jpg 16w\" sizes=\"auto, (max-width: 1024px) 100vw, 1024px\" \/><\/figure>\n\n\n\n<figure class=\"wp-block-image size-large\"><img loading=\"lazy\" decoding=\"async\" width=\"1024\" height=\"768\" data-id=\"230\" src=\"https:\/\/wordpress.loving-the-nations.org\/wp-content\/uploads\/2025\/10\/photo_2025-10-22_17-21-11-1.jpg\" alt=\"\" class=\"wp-image-230\" srcset=\"https:\/\/loving-the-nations.org\/wp-content\/uploads\/2025\/10\/photo_2025-10-22_17-21-11-1.jpg 1024w, https:\/\/loving-the-nations.org\/wp-content\/uploads\/2025\/10\/photo_2025-10-22_17-21-11-1-300x225.jpg 300w, https:\/\/loving-the-nations.org\/wp-content\/uploads\/2025\/10\/photo_2025-10-22_17-21-11-1-768x576.jpg 768w, https:\/\/loving-the-nations.org\/wp-content\/uploads\/2025\/10\/photo_2025-10-22_17-21-11-1-16x12.jpg 16w\" sizes=\"auto, (max-width: 1024px) 100vw, 1024px\" \/><\/figure>\n\n\n\n<figure class=\"wp-block-image size-large\"><img loading=\"lazy\" decoding=\"async\" width=\"769\" height=\"1024\" data-id=\"231\" src=\"https:\/\/wordpress.loving-the-nations.org\/wp-content\/uploads\/2025\/10\/photo_2025-10-22_17-03-09.jpg\" alt=\"\" class=\"wp-image-231\" srcset=\"https:\/\/loving-the-nations.org\/wp-content\/uploads\/2025\/10\/photo_2025-10-22_17-03-09.jpg 769w, https:\/\/loving-the-nations.org\/wp-content\/uploads\/2025\/10\/photo_2025-10-22_17-03-09-225x300.jpg 225w, https:\/\/loving-the-nations.org\/wp-content\/uploads\/2025\/10\/photo_2025-10-22_17-03-09-9x12.jpg 9w\" sizes=\"auto, (max-width: 769px) 100vw, 769px\" \/><\/figure>\n<\/figure>\n\n\n\n<p>In order to ensure the children's long-term nutrition, we now have five large fields in different locations where we have planted corn (Africa's staple food), potatoes and sweet potatoes, beans, moringa, avocados, mangoes, lychees, oranges, bananas, pineapples, cashews, peanuts, and a few other things, and are still in the process of planting more.<\/p>\n\n\n\n<p>We have had chickens for quite some time, and soon we will start raising pigs. We have already purchased our first goats and cows.<\/p>\n\n\n\n<p>We were even able to get a fish pond recently, which means that we will have our own fresh fish within this year.&nbsp;<\/p>","protected":false},"excerpt":{"rendered":"<p>Um langfristig die Ern\u00e4hrung der Kinder sicherzustellen, haben wir mittlerweile f\u00fcnf gro\u00dfe Felder an verschiedenen Orten, auf denen wir Mais (das Grundnahrungsmittel Afrikas), Kartoffeln und S\u00fc\u00dfkartoffeln, Bohnen, Moringa, Avocados, Mangos, Litchis, Orangen, Bananen, Ananas, Cashewn\u00fcsse, Erdn\u00fcsse und noch einiges andere angepflanzt haben und noch dabei sind anzupflanzen. H\u00fchner haben wir schon l\u00e4nger, bald werden wir [&hellip;]<\/p>","protected":false},"author":2,"featured_media":0,"parent":0,"menu_order":0,"comment_status":"closed","ping_status":"closed","template":"","meta":{"_themeisle_gutenberg_block_has_review":false,"footnotes":""},"class_list":["post-163","page","type-page","status-publish","hentry"],"_links":{"self":[{"href":"https:\/\/loving-the-nations.org\/en\/wp-json\/wp\/v2\/pages\/163","targetHints":{"allow":["GET"]}}],"collection":[{"href":"https:\/\/loving-the-nations.org\/en\/wp-json\/wp\/v2\/pages"}],"about":[{"href":"https:\/\/loving-the-nations.org\/en\/wp-json\/wp\/v2\/types\/page"}],"author":[{"embeddable":true,"href":"https:\/\/loving-the-nations.org\/en\/wp-json\/wp\/v2\/users\/2"}],"replies":[{"embeddable":true,"href":"https:\/\/loving-the-nations.org\/en\/wp-json\/wp\/v2\/comments?post=163"}],"version-history":[{"count":3,"href":"https:\/\/loving-the-nations.org\/en\/wp-json\/wp\/v2\/pages\/163\/revisions"}],"predecessor-version":[{"id":233,"href":"https:\/\/loving-the-nations.org\/en\/wp-json\/wp\/v2\/pages\/163\/revisions\/233"}],"wp:attachment":[{"href":"https:\/\/loving-the-nations.org\/en\/wp-json\/wp\/v2\/media?parent=163"}],"curies":[{"name":"wp","href":"https:\/\/api.w.org\/{rel}","templated":true}]}}