{"id":165,"date":"2025-09-18T12:50:55","date_gmt":"2025-09-18T10:50:55","guid":{"rendered":"https:\/\/wordpress.loving-the-nations.org\/?page_id=165"},"modified":"2025-09-18T13:01:12","modified_gmt":"2025-09-18T11:01:12","slug":"besuche-im-gefaengnis-krankenhaus","status":"publish","type":"page","link":"https:\/\/loving-the-nations.org\/en\/besuche-im-gefaengnis-krankenhaus\/","title":{"rendered":"Visits to prison &amp; hospital"},"content":{"rendered":"<h2 class=\"wp-block-heading\">Prison-Team<\/h2>\n\n\n\n<p>We visit prisons (both women's and men's) several times a week to worship with the inmates, teach them about various topics, pray for them upon request, and provide practical and material assistance wherever we can. The maximum security prison, where the worst prisoners in the entire country are sent, is located in our city. For years, we have seen people begin a life with God, how the worst criminals, murderers, rapists... are now people who are friendly, loving, and patient, who think of others, help others, and radiate peace and joy, even though their lives are anything but easy...<\/p>\n\n\n\n<h2 class=\"wp-block-heading\">Hospital-Team<\/h2>\n\n\n\n<p>Our team also visits patients in the hospital every Tuesday. We encourage them and pray for their healing.<\/p>","protected":false},"excerpt":{"rendered":"<p>Prison-Team Wir gehen w\u00f6chentlich mehrmals in Gef\u00e4ngnisse (Frauen- und M\u00e4nnergef\u00e4ngnisse), um dort gemeinsam mit den Insassen Gottesdienst zu feiern, \u00fcber verschiedene Themen zu lehren, auf Wunsch f\u00fcr die Insassen zu beten, sowie praktisch &amp; materiell zu helfen, wo wir k\u00f6nnen. Das Hochsicherheitsgef\u00e4ngnis, wo die schlimmsten Gefangen des gesamten Landes hinkommen, befindet sich in unserer Stadt. [&hellip;]<\/p>","protected":false},"author":2,"featured_media":0,"parent":0,"menu_order":0,"comment_status":"closed","ping_status":"closed","template":"","meta":{"_themeisle_gutenberg_block_has_review":false,"footnotes":""},"class_list":["post-165","page","type-page","status-publish","hentry"],"_links":{"self":[{"href":"https:\/\/loving-the-nations.org\/en\/wp-json\/wp\/v2\/pages\/165","targetHints":{"allow":["GET"]}}],"collection":[{"href":"https:\/\/loving-the-nations.org\/en\/wp-json\/wp\/v2\/pages"}],"about":[{"href":"https:\/\/loving-the-nations.org\/en\/wp-json\/wp\/v2\/types\/page"}],"author":[{"embeddable":true,"href":"https:\/\/loving-the-nations.org\/en\/wp-json\/wp\/v2\/users\/2"}],"replies":[{"embeddable":true,"href":"https:\/\/loving-the-nations.org\/en\/wp-json\/wp\/v2\/comments?post=165"}],"version-history":[{"count":2,"href":"https:\/\/loving-the-nations.org\/en\/wp-json\/wp\/v2\/pages\/165\/revisions"}],"predecessor-version":[{"id":193,"href":"https:\/\/loving-the-nations.org\/en\/wp-json\/wp\/v2\/pages\/165\/revisions\/193"}],"wp:attachment":[{"href":"https:\/\/loving-the-nations.org\/en\/wp-json\/wp\/v2\/media?parent=165"}],"curies":[{"name":"wp","href":"https:\/\/api.w.org\/{rel}","templated":true}]}}