{"id":167,"date":"2025-09-18T12:51:04","date_gmt":"2025-09-18T10:51:04","guid":{"rendered":"https:\/\/wordpress.loving-the-nations.org\/?page_id=167"},"modified":"2025-09-18T13:03:27","modified_gmt":"2025-09-18T11:03:27","slug":"unterwegs","status":"publish","type":"page","link":"https:\/\/loving-the-nations.org\/en\/unterwegs\/","title":{"rendered":"On the road"},"content":{"rendered":"<p>In addition to our ministry in Chimoio, we travel extensively in Mozambique and other countries, visiting churches, planting new ones, training pastors and leaders, and much more.<\/p>\n\n\n\n<p>Everywhere we see how God encounters people, how people have been saved, healed, and set free...<\/p>","protected":false},"excerpt":{"rendered":"<p>Neben unserem Dienst in Chimoio sind wir viel unterwegs, in Mozambique, aber auch in anderen L\u00e4ndern, Gemeinden besuchen, neue gr\u00fcnden, Pastoren und Leiter trainieren und vieles mehr. \u00dcberall sehen wir, wie Gott Menschen begegnet, Menschen gerettet, geheilt und befreit wurden\u2026<\/p>","protected":false},"author":2,"featured_media":0,"parent":0,"menu_order":0,"comment_status":"closed","ping_status":"closed","template":"","meta":{"_themeisle_gutenberg_block_has_review":false,"footnotes":""},"class_list":["post-167","page","type-page","status-publish","hentry"],"_links":{"self":[{"href":"https:\/\/loving-the-nations.org\/en\/wp-json\/wp\/v2\/pages\/167","targetHints":{"allow":["GET"]}}],"collection":[{"href":"https:\/\/loving-the-nations.org\/en\/wp-json\/wp\/v2\/pages"}],"about":[{"href":"https:\/\/loving-the-nations.org\/en\/wp-json\/wp\/v2\/types\/page"}],"author":[{"embeddable":true,"href":"https:\/\/loving-the-nations.org\/en\/wp-json\/wp\/v2\/users\/2"}],"replies":[{"embeddable":true,"href":"https:\/\/loving-the-nations.org\/en\/wp-json\/wp\/v2\/comments?post=167"}],"version-history":[{"count":2,"href":"https:\/\/loving-the-nations.org\/en\/wp-json\/wp\/v2\/pages\/167\/revisions"}],"predecessor-version":[{"id":197,"href":"https:\/\/loving-the-nations.org\/en\/wp-json\/wp\/v2\/pages\/167\/revisions\/197"}],"wp:attachment":[{"href":"https:\/\/loving-the-nations.org\/en\/wp-json\/wp\/v2\/media?parent=167"}],"curies":[{"name":"wp","href":"https:\/\/api.w.org\/{rel}","templated":true}]}}