{"id":169,"date":"2025-09-18T12:51:18","date_gmt":"2025-09-18T10:51:18","guid":{"rendered":"https:\/\/wordpress.loving-the-nations.org\/?page_id=169"},"modified":"2025-09-18T13:01:38","modified_gmt":"2025-09-18T11:01:38","slug":"humanitaere-hilfe-hilfstransporte-hilfe-zur-selbsthilfeprojekte","status":"publish","type":"page","link":"https:\/\/loving-the-nations.org\/en\/humanitaere-hilfe-hilfstransporte-hilfe-zur-selbsthilfeprojekte\/","title":{"rendered":"Humanitarian aid, aid transports, and self-help projects"},"content":{"rendered":"<p>We helped people who had lost everything in the floods in Mozambique on several occasions; in the districts of Caia, Mutarara, Tambara, and Buzi, we distributed food, blankets, plastic sheeting, etc.<\/p>\n\n\n\n<p>A few years ago, the situation in Zimbabwe was dire; most shops were closed, there was hardly any food left to buy in the supermarkets that were still open (or anywhere else for that matter), hospitals and schools were closed, people were being murdered, women raped... We were provided with the funds to bring several trucks full of food to Zimbabwe, which we distributed to orphans, widows, and the sick. It took a few miracles to get the food across the border, but everything arrived where it was supposed to, for which we are very grateful.<\/p>\n\n\n\n<p>After the aid transports, we brought seeds to Zimbabwe and launched self-help projects in many cities and rural areas in cooperation with local communities, which went very well.<\/p>","protected":false},"excerpt":{"rendered":"<p>Mehrfach halfen wir Menschen, die durch die Hochwasser in Mozambique alles verloren hatten; im Bezirk Caia, Mutarara, Tambara und Buzi verteilten wir Lebensmittel, Decken, Plastikplanen\u2026 Vor einigen Jahren war die Situation in Zimbabwe sehr krass; die meisten Gesch\u00e4fte waren geschlossen, in den noch ge\u00f6ffneten Superm\u00e4rkten gab es kaum noch was zu essen zu kaufen (und [&hellip;]<\/p>","protected":false},"author":2,"featured_media":0,"parent":0,"menu_order":0,"comment_status":"closed","ping_status":"closed","template":"","meta":{"_themeisle_gutenberg_block_has_review":false,"footnotes":""},"class_list":["post-169","page","type-page","status-publish","hentry"],"_links":{"self":[{"href":"https:\/\/loving-the-nations.org\/en\/wp-json\/wp\/v2\/pages\/169","targetHints":{"allow":["GET"]}}],"collection":[{"href":"https:\/\/loving-the-nations.org\/en\/wp-json\/wp\/v2\/pages"}],"about":[{"href":"https:\/\/loving-the-nations.org\/en\/wp-json\/wp\/v2\/types\/page"}],"author":[{"embeddable":true,"href":"https:\/\/loving-the-nations.org\/en\/wp-json\/wp\/v2\/users\/2"}],"replies":[{"embeddable":true,"href":"https:\/\/loving-the-nations.org\/en\/wp-json\/wp\/v2\/comments?post=169"}],"version-history":[{"count":2,"href":"https:\/\/loving-the-nations.org\/en\/wp-json\/wp\/v2\/pages\/169\/revisions"}],"predecessor-version":[{"id":194,"href":"https:\/\/loving-the-nations.org\/en\/wp-json\/wp\/v2\/pages\/169\/revisions\/194"}],"wp:attachment":[{"href":"https:\/\/loving-the-nations.org\/en\/wp-json\/wp\/v2\/media?parent=169"}],"curies":[{"name":"wp","href":"https:\/\/api.w.org\/{rel}","templated":true}]}}